{"id":10,"date":"2026-03-17T21:56:12","date_gmt":"2026-03-17T21:56:12","guid":{"rendered":"http:\/\/xn--frydkrmassage-7fb.dk\/?page_id=10"},"modified":"2026-03-31T21:40:59","modified_gmt":"2026-03-31T21:40:59","slug":"klientens-sikkerhed","status":"publish","type":"page","link":"https:\/\/xn--frydkrmassage-7fb.dk\/?page_id=10","title":{"rendered":"Klientens sikkerhed"},"content":{"rendered":"\n<h2 class=\"wp-block-heading\">Autoriseret behandler<\/h2>\n\n\n\n<p>Med godkendelser I brancheforeninger ZCT har du som kunde ved Frydk\u00e6r Massage en sikkerhed for, at din behandling udf\u00f8res af en&nbsp;autoriseret behandler. Foreningerne er under tilsyn af Sundhedsstyrelsen i henhold til lov nr. 351, 19 Maj, 2004. ZCT kan kun give&nbsp;autorisation til Registrede Alternativ Behandler, RAB, n\u00e5r uddannelsen er&nbsp;af en vis varighed og indhold. Og kr\u00e6ver j\u00e6vnlig efteruddannelse, for at man kan bebeholde sin RAB-status.<\/p>\n\n\n\n<p><strong>For at kunne&nbsp;godkendes som RAB-behandler kr\u00e6ves der en sundhedsm\u00e6ssig uddannelse med b\u00e5de teori og praksis p\u00e5 sammenlagt minimum 660 undervisningstimer eller lektioner (min. 45 minutters varighed) best\u00e5ende af:<\/strong><\/p>\n\n\n\n<ul class=\"wp-block-list\">\n<li>Min. 250 timer eller lektioner i det prim\u00e6re fagomr\u00e5de (behandlingsform)<\/li>\n\n\n\n<li>Basal sundhedslovgivning<\/li>\n\n\n\n<li>Klinikvejledning og -behandling<\/li>\n\n\n\n<li>Psykologi<\/li>\n\n\n\n<li>Pr\u00e6sentation af andre alternative fagomr\u00e5der (behandlingsformer)<\/li>\n<\/ul>\n\n\n\n<p><em>Gennem foreningernes kollektive ansvarsforsikring er du som klient sikret, hvis der I skulle opst\u00e5 fejl I forbindelse med behandlinger ved Frydk\u00e6r Massage.<\/em><\/p>\n","protected":false},"excerpt":{"rendered":"<p>Autoriseret behandler Med godkendelser I brancheforeninger ZCT har du som kunde ved Frydk\u00e6r Massage en sikkerhed for, at din behandling udf\u00f8res af en&nbsp;autoriseret behandler. Foreningerne er under tilsyn af Sundhedsstyrelsen i henhold til lov nr. 351, 19 Maj, 2004. ZCT kan kun give&nbsp;autorisation til Registrede Alternativ Behandler, RAB, n\u00e5r uddannelsen er&nbsp;af en vis varighed og &hellip; <a href=\"https:\/\/xn--frydkrmassage-7fb.dk\/?page_id=10\" class=\"more-link\">Continue reading <span class=\"screen-reader-text\">Klientens sikkerhed<\/span><\/a><\/p>\n","protected":false},"author":1,"featured_media":64,"parent":0,"menu_order":0,"comment_status":"closed","ping_status":"closed","template":"","meta":{"footnotes":""},"class_list":["post-10","page","type-page","status-publish","has-post-thumbnail","hentry","with-featured-image"],"yoast_head":"<!-- This site is optimized with the Yoast SEO plugin v27.5 - https:\/\/yoast.com\/product\/yoast-seo-wordpress\/ -->\n<title>Klientens sikkerhed - Frydk\u00e6rmassage ved Roswitha B\u00e4hner Andersen<\/title>\n<meta name=\"robots\" content=\"index, follow, max-snippet:-1, max-image-preview:large, max-video-preview:-1\" \/>\n<link rel=\"canonical\" href=\"http:\/\/xn--frydkrmassage-7fb.dk\/?page_id=10\" \/>\n<meta property=\"og:locale\" content=\"da_DK\" \/>\n<meta property=\"og:type\" content=\"article\" \/>\n<meta property=\"og:title\" content=\"Klientens sikkerhed - Frydk\u00e6rmassage ved Roswitha B\u00e4hner Andersen\" \/>\n<meta property=\"og:description\" content=\"Autoriseret behandler Med godkendelser I brancheforeninger ZCT har du som kunde ved Frydk\u00e6r Massage en sikkerhed for, at din behandling udf\u00f8res af en&nbsp;autoriseret behandler. Foreningerne er under tilsyn af Sundhedsstyrelsen i henhold til lov nr. 351, 19 Maj, 2004. ZCT kan kun give&nbsp;autorisation til Registrede Alternativ Behandler, RAB, n\u00e5r uddannelsen er&nbsp;af en vis varighed og &hellip; Continue reading Klientens sikkerhed\" \/>\n<meta property=\"og:url\" content=\"http:\/\/xn--frydkrmassage-7fb.dk\/?page_id=10\" \/>\n<meta property=\"og:site_name\" content=\"Frydk\u00e6rmassage ved Roswitha B\u00e4hner Andersen\" \/>\n<meta property=\"article:modified_time\" content=\"2026-03-31T21:40:59+00:00\" \/>\n<meta property=\"og:image\" content=\"http:\/\/xn--frydkrmassage-7fb.dk\/wp-content\/uploads\/2026\/03\/sunblock-skincare-healthy-skin-heart-161608-768x512-1.jpeg\" \/>\n\t<meta property=\"og:image:width\" content=\"768\" \/>\n\t<meta property=\"og:image:height\" content=\"512\" \/>\n\t<meta property=\"og:image:type\" content=\"image\/jpeg\" \/>\n<meta name=\"twitter:card\" content=\"summary_large_image\" \/>\n<meta name=\"twitter:label1\" content=\"Estimeret l\u00e6setid\" \/>\n\t<meta name=\"twitter:data1\" content=\"1 minut\" \/>\n<script type=\"application\/ld+json\" class=\"yoast-schema-graph\">{\"@context\":\"https:\\\/\\\/schema.org\",\"@graph\":[{\"@type\":\"WebPage\",\"@id\":\"http:\\\/\\\/xn--frydkrmassage-7fb.dk\\\/?page_id=10\",\"url\":\"http:\\\/\\\/xn--frydkrmassage-7fb.dk\\\/?page_id=10\",\"name\":\"Klientens sikkerhed - Frydk\u00e6rmassage ved Roswitha B\u00e4hner Andersen\",\"isPartOf\":{\"@id\":\"https:\\\/\\\/xn--frydkrmassage-7fb.dk\\\/#website\"},\"primaryImageOfPage\":{\"@id\":\"http:\\\/\\\/xn--frydkrmassage-7fb.dk\\\/?page_id=10#primaryimage\"},\"image\":{\"@id\":\"http:\\\/\\\/xn--frydkrmassage-7fb.dk\\\/?page_id=10#primaryimage\"},\"thumbnailUrl\":\"https:\\\/\\\/xn--frydkrmassage-7fb.dk\\\/wp-content\\\/uploads\\\/2026\\\/03\\\/sunblock-skincare-healthy-skin-heart-161608-768x512-1.jpeg\",\"datePublished\":\"2026-03-17T21:56:12+00:00\",\"dateModified\":\"2026-03-31T21:40:59+00:00\",\"breadcrumb\":{\"@id\":\"http:\\\/\\\/xn--frydkrmassage-7fb.dk\\\/?page_id=10#breadcrumb\"},\"inLanguage\":\"da-DK\",\"potentialAction\":[{\"@type\":\"ReadAction\",\"target\":[\"http:\\\/\\\/xn--frydkrmassage-7fb.dk\\\/?page_id=10\"]}]},{\"@type\":\"ImageObject\",\"inLanguage\":\"da-DK\",\"@id\":\"http:\\\/\\\/xn--frydkrmassage-7fb.dk\\\/?page_id=10#primaryimage\",\"url\":\"https:\\\/\\\/xn--frydkrmassage-7fb.dk\\\/wp-content\\\/uploads\\\/2026\\\/03\\\/sunblock-skincare-healthy-skin-heart-161608-768x512-1.jpeg\",\"contentUrl\":\"https:\\\/\\\/xn--frydkrmassage-7fb.dk\\\/wp-content\\\/uploads\\\/2026\\\/03\\\/sunblock-skincare-healthy-skin-heart-161608-768x512-1.jpeg\",\"width\":768,\"height\":512},{\"@type\":\"BreadcrumbList\",\"@id\":\"http:\\\/\\\/xn--frydkrmassage-7fb.dk\\\/?page_id=10#breadcrumb\",\"itemListElement\":[{\"@type\":\"ListItem\",\"position\":1,\"name\":\"Hjem\",\"item\":\"https:\\\/\\\/xn--frydkrmassage-7fb.dk\\\/\"},{\"@type\":\"ListItem\",\"position\":2,\"name\":\"Klientens sikkerhed\"}]},{\"@type\":\"WebSite\",\"@id\":\"https:\\\/\\\/xn--frydkrmassage-7fb.dk\\\/#website\",\"url\":\"https:\\\/\\\/xn--frydkrmassage-7fb.dk\\\/\",\"name\":\"Frydk\u00e6r massage\",\"description\":\"Hos Frydk\u00e6r Massage tilbyder jeg b\u00e5de zoneterapi, akupunktur, hot stone massage og almindelig massage\",\"potentialAction\":[{\"@type\":\"SearchAction\",\"target\":{\"@type\":\"EntryPoint\",\"urlTemplate\":\"https:\\\/\\\/xn--frydkrmassage-7fb.dk\\\/?s={search_term_string}\"},\"query-input\":{\"@type\":\"PropertyValueSpecification\",\"valueRequired\":true,\"valueName\":\"search_term_string\"}}],\"inLanguage\":\"da-DK\"}]}<\/script>\n<!-- \/ Yoast SEO plugin. -->","yoast_head_json":{"title":"Klientens sikkerhed - Frydk\u00e6rmassage ved Roswitha B\u00e4hner Andersen","robots":{"index":"index","follow":"follow","max-snippet":"max-snippet:-1","max-image-preview":"max-image-preview:large","max-video-preview":"max-video-preview:-1"},"canonical":"http:\/\/xn--frydkrmassage-7fb.dk\/?page_id=10","og_locale":"da_DK","og_type":"article","og_title":"Klientens sikkerhed - Frydk\u00e6rmassage ved Roswitha B\u00e4hner Andersen","og_description":"Autoriseret behandler Med godkendelser I brancheforeninger ZCT har du som kunde ved Frydk\u00e6r Massage en sikkerhed for, at din behandling udf\u00f8res af en&nbsp;autoriseret behandler. Foreningerne er under tilsyn af Sundhedsstyrelsen i henhold til lov nr. 351, 19 Maj, 2004. ZCT kan kun give&nbsp;autorisation til Registrede Alternativ Behandler, RAB, n\u00e5r uddannelsen er&nbsp;af en vis varighed og &hellip; Continue reading Klientens sikkerhed","og_url":"http:\/\/xn--frydkrmassage-7fb.dk\/?page_id=10","og_site_name":"Frydk\u00e6rmassage ved Roswitha B\u00e4hner Andersen","article_modified_time":"2026-03-31T21:40:59+00:00","og_image":[{"width":768,"height":512,"url":"http:\/\/xn--frydkrmassage-7fb.dk\/wp-content\/uploads\/2026\/03\/sunblock-skincare-healthy-skin-heart-161608-768x512-1.jpeg","type":"image\/jpeg"}],"twitter_card":"summary_large_image","twitter_misc":{"Estimeret l\u00e6setid":"1 minut"},"schema":{"@context":"https:\/\/schema.org","@graph":[{"@type":"WebPage","@id":"http:\/\/xn--frydkrmassage-7fb.dk\/?page_id=10","url":"http:\/\/xn--frydkrmassage-7fb.dk\/?page_id=10","name":"Klientens sikkerhed - Frydk\u00e6rmassage ved Roswitha B\u00e4hner Andersen","isPartOf":{"@id":"https:\/\/xn--frydkrmassage-7fb.dk\/#website"},"primaryImageOfPage":{"@id":"http:\/\/xn--frydkrmassage-7fb.dk\/?page_id=10#primaryimage"},"image":{"@id":"http:\/\/xn--frydkrmassage-7fb.dk\/?page_id=10#primaryimage"},"thumbnailUrl":"https:\/\/xn--frydkrmassage-7fb.dk\/wp-content\/uploads\/2026\/03\/sunblock-skincare-healthy-skin-heart-161608-768x512-1.jpeg","datePublished":"2026-03-17T21:56:12+00:00","dateModified":"2026-03-31T21:40:59+00:00","breadcrumb":{"@id":"http:\/\/xn--frydkrmassage-7fb.dk\/?page_id=10#breadcrumb"},"inLanguage":"da-DK","potentialAction":[{"@type":"ReadAction","target":["http:\/\/xn--frydkrmassage-7fb.dk\/?page_id=10"]}]},{"@type":"ImageObject","inLanguage":"da-DK","@id":"http:\/\/xn--frydkrmassage-7fb.dk\/?page_id=10#primaryimage","url":"https:\/\/xn--frydkrmassage-7fb.dk\/wp-content\/uploads\/2026\/03\/sunblock-skincare-healthy-skin-heart-161608-768x512-1.jpeg","contentUrl":"https:\/\/xn--frydkrmassage-7fb.dk\/wp-content\/uploads\/2026\/03\/sunblock-skincare-healthy-skin-heart-161608-768x512-1.jpeg","width":768,"height":512},{"@type":"BreadcrumbList","@id":"http:\/\/xn--frydkrmassage-7fb.dk\/?page_id=10#breadcrumb","itemListElement":[{"@type":"ListItem","position":1,"name":"Hjem","item":"https:\/\/xn--frydkrmassage-7fb.dk\/"},{"@type":"ListItem","position":2,"name":"Klientens sikkerhed"}]},{"@type":"WebSite","@id":"https:\/\/xn--frydkrmassage-7fb.dk\/#website","url":"https:\/\/xn--frydkrmassage-7fb.dk\/","name":"Frydk\u00e6r massage","description":"Hos Frydk\u00e6r Massage tilbyder jeg b\u00e5de zoneterapi, akupunktur, hot stone massage og almindelig massage","potentialAction":[{"@type":"SearchAction","target":{"@type":"EntryPoint","urlTemplate":"https:\/\/xn--frydkrmassage-7fb.dk\/?s={search_term_string}"},"query-input":{"@type":"PropertyValueSpecification","valueRequired":true,"valueName":"search_term_string"}}],"inLanguage":"da-DK"}]}},"_links":{"self":[{"href":"https:\/\/xn--frydkrmassage-7fb.dk\/index.php?rest_route=\/wp\/v2\/pages\/10","targetHints":{"allow":["GET"]}}],"collection":[{"href":"https:\/\/xn--frydkrmassage-7fb.dk\/index.php?rest_route=\/wp\/v2\/pages"}],"about":[{"href":"https:\/\/xn--frydkrmassage-7fb.dk\/index.php?rest_route=\/wp\/v2\/types\/page"}],"author":[{"embeddable":true,"href":"https:\/\/xn--frydkrmassage-7fb.dk\/index.php?rest_route=\/wp\/v2\/users\/1"}],"replies":[{"embeddable":true,"href":"https:\/\/xn--frydkrmassage-7fb.dk\/index.php?rest_route=%2Fwp%2Fv2%2Fcomments&post=10"}],"version-history":[{"count":2,"href":"https:\/\/xn--frydkrmassage-7fb.dk\/index.php?rest_route=\/wp\/v2\/pages\/10\/revisions"}],"predecessor-version":[{"id":65,"href":"https:\/\/xn--frydkrmassage-7fb.dk\/index.php?rest_route=\/wp\/v2\/pages\/10\/revisions\/65"}],"wp:featuredmedia":[{"embeddable":true,"href":"https:\/\/xn--frydkrmassage-7fb.dk\/index.php?rest_route=\/wp\/v2\/media\/64"}],"wp:attachment":[{"href":"https:\/\/xn--frydkrmassage-7fb.dk\/index.php?rest_route=%2Fwp%2Fv2%2Fmedia&parent=10"}],"curies":[{"name":"wp","href":"https:\/\/api.w.org\/{rel}","templated":true}]}}