{"id":8,"date":"2026-03-17T21:56:01","date_gmt":"2026-03-17T21:56:01","guid":{"rendered":"http:\/\/xn--frydkrmassage-7fb.dk\/?page_id=8"},"modified":"2026-03-31T22:33:23","modified_gmt":"2026-03-31T22:33:23","slug":"priser-og-tilskud","status":"publish","type":"page","link":"https:\/\/xn--frydkrmassage-7fb.dk\/?page_id=8","title":{"rendered":"Priser og Tilskud"},"content":{"rendered":"\n<p>N\u00e5r du behandles hos Frydk\u00e6r Massage, kan du f\u00e5 tilskud fra sygeforsikringen \u201cdanmark\u201d til zoneterapi.<\/p>\n\n\n\n<h2 class=\"wp-block-heading\">Priser for 3 typer behandlinger<\/h2>\n\n\n\n<p>Du finder her priserne for de 3 typer behandlinger, jeg tilbyder. Alt afh\u00e6ngig af, om du skal behandles med zoneterapi eller almindelig massage kan prisen variere en smule. For b\u00f8rn er alle behandlinger billigere.<\/p>\n\n\n\n<ul class=\"wp-block-list\">\n<li>Skal du behandles med en almindelig massage koster den f\u00f8rste behandling 450 kroner. For en yderligere \u00bd time koster det 200 kroner.<\/li>\n\n\n\n<li>Skal du behandles med zoneterapi koster den f\u00f8rste behandling 465 kroner.<\/li>\n\n\n\n<li>For b\u00f8rn b\u00f8rn inden konfirmationsalderen betales for alle behandlinger 250 kroner.<\/li>\n<\/ul>\n\n\n\n<h2 class=\"wp-block-heading\">L\u00e6geligt stillet diagnose n\u00f8dvendig for tilskud<\/h2>\n\n\n\n<p>Det er vigtigt, at hvis man \u00f8nsker et tilskud til behandlingen, s\u00e5 skal man have en l\u00e6geligt stillet diagnose. Sygeforsikringen \u201cdanmark\u201d yder for eksempel tilskud til behandling med zoneterapi, hvis man har en l\u00e6geligt stillet diagnose.<\/p>\n\n\n\n<p>Det er omvendt ikke n\u00f8dvendigt at have en l\u00e6gehenvisning for at blive behandlet hos Frydk\u00e6r Massage.<br><a href=\"http:\/\/www.sygeforsikring.dk\/tilskud.htm\">&nbsp;L\u00e6s mere p\u00e5 \u201cdanmark\u201ds hjemmeside<\/a><\/p>\n\n\n\n<h2 class=\"wp-block-heading\">Ring for mere information<\/h2>\n\n\n\n<p>Hvis du \u00f8nsker mere information om de forskellige tilskud og priser p\u00e5 behandlinger, s\u00e5 t\u00f8v ikke med at kontakte til Frydk\u00e6r Massage.<\/p>\n\n\n\n<p>Frydk\u00e6r Massage kan kontaktes p\u00e5 telefon&nbsp;<a href=\"tel:+4527136704\">27 13 67 04<\/a>&nbsp;, som har ogs\u00e5 en telefonsvarer tilknyttet. Indtal venligst en besked, hvis du ikke f\u00e5r svar med det samme. Du kontaktes hurtigst muligt.<\/p>\n\n\n\n<p>Frydk\u00e6r Massage er ogs\u00e5 tilg\u00e6ngelig, hvis du foretr\u00e6kker at henvende dig p\u00e5 skrift. I s\u00e5 fald kontakt Frydk\u00e6r Massage p\u00e5: \u00a0<a href=\"mailto:frydkaer@frydk\u00e6rmassage.dk\" type=\"mailto\" id=\"mailto:frydkaer@frydk\u00e6rmassage.dk\">frydkaer@frydk\u00e6rmassage.dk<\/a>.<\/p>\n","protected":false},"excerpt":{"rendered":"<p>N\u00e5r du behandles hos Frydk\u00e6r Massage, kan du f\u00e5 tilskud fra sygeforsikringen \u201cdanmark\u201d til zoneterapi. Priser for 3 typer behandlinger Du finder her priserne for de 3 typer behandlinger, jeg tilbyder. Alt afh\u00e6ngig af, om du skal behandles med zoneterapi eller almindelig massage kan prisen variere en smule. For b\u00f8rn er alle behandlinger billigere. L\u00e6geligt &hellip; <a href=\"https:\/\/xn--frydkrmassage-7fb.dk\/?page_id=8\" class=\"more-link\">Continue reading <span class=\"screen-reader-text\">Priser og Tilskud<\/span><\/a><\/p>\n","protected":false},"author":1,"featured_media":57,"parent":0,"menu_order":0,"comment_status":"closed","ping_status":"closed","template":"","meta":{"footnotes":""},"class_list":["post-8","page","type-page","status-publish","has-post-thumbnail","hentry","with-featured-image"],"yoast_head":"<!-- This site is optimized with the Yoast SEO plugin v27.5 - https:\/\/yoast.com\/product\/yoast-seo-wordpress\/ -->\n<title>Priser og Tilskud - Frydk\u00e6rmassage ved Roswitha B\u00e4hner Andersen<\/title>\n<meta name=\"robots\" content=\"index, follow, max-snippet:-1, max-image-preview:large, max-video-preview:-1\" \/>\n<link rel=\"canonical\" href=\"https:\/\/xn--frydkrmassage-7fb.dk\/?page_id=8\" \/>\n<meta property=\"og:locale\" content=\"da_DK\" \/>\n<meta property=\"og:type\" content=\"article\" \/>\n<meta property=\"og:title\" content=\"Priser og Tilskud - Frydk\u00e6rmassage ved Roswitha B\u00e4hner Andersen\" \/>\n<meta property=\"og:description\" content=\"N\u00e5r du behandles hos Frydk\u00e6r Massage, kan du f\u00e5 tilskud fra sygeforsikringen \u201cdanmark\u201d til zoneterapi. Priser for 3 typer behandlinger Du finder her priserne for de 3 typer behandlinger, jeg tilbyder. Alt afh\u00e6ngig af, om du skal behandles med zoneterapi eller almindelig massage kan prisen variere en smule. For b\u00f8rn er alle behandlinger billigere. L\u00e6geligt &hellip; Continue reading Priser og Tilskud\" \/>\n<meta property=\"og:url\" content=\"https:\/\/xn--frydkrmassage-7fb.dk\/?page_id=8\" \/>\n<meta property=\"og:site_name\" content=\"Frydk\u00e6rmassage ved Roswitha B\u00e4hner Andersen\" \/>\n<meta property=\"article:modified_time\" content=\"2026-03-31T22:33:23+00:00\" \/>\n<meta property=\"og:image\" content=\"http:\/\/xn--frydkrmassage-7fb.dk\/wp-content\/uploads\/2026\/03\/desktop5-768x515-1.jpg\" \/>\n\t<meta property=\"og:image:width\" content=\"768\" \/>\n\t<meta property=\"og:image:height\" content=\"515\" \/>\n\t<meta property=\"og:image:type\" content=\"image\/jpeg\" \/>\n<meta name=\"twitter:card\" content=\"summary_large_image\" \/>\n<meta name=\"twitter:label1\" content=\"Estimeret l\u00e6setid\" \/>\n\t<meta name=\"twitter:data1\" content=\"2 minutter\" \/>\n<script type=\"application\/ld+json\" class=\"yoast-schema-graph\">{\"@context\":\"https:\\\/\\\/schema.org\",\"@graph\":[{\"@type\":\"WebPage\",\"@id\":\"https:\\\/\\\/xn--frydkrmassage-7fb.dk\\\/?page_id=8\",\"url\":\"https:\\\/\\\/xn--frydkrmassage-7fb.dk\\\/?page_id=8\",\"name\":\"Priser og Tilskud - Frydk\u00e6rmassage ved Roswitha B\u00e4hner Andersen\",\"isPartOf\":{\"@id\":\"https:\\\/\\\/xn--frydkrmassage-7fb.dk\\\/#website\"},\"primaryImageOfPage\":{\"@id\":\"https:\\\/\\\/xn--frydkrmassage-7fb.dk\\\/?page_id=8#primaryimage\"},\"image\":{\"@id\":\"https:\\\/\\\/xn--frydkrmassage-7fb.dk\\\/?page_id=8#primaryimage\"},\"thumbnailUrl\":\"https:\\\/\\\/xn--frydkrmassage-7fb.dk\\\/wp-content\\\/uploads\\\/2026\\\/03\\\/desktop5-768x515-1.jpg\",\"datePublished\":\"2026-03-17T21:56:01+00:00\",\"dateModified\":\"2026-03-31T22:33:23+00:00\",\"breadcrumb\":{\"@id\":\"https:\\\/\\\/xn--frydkrmassage-7fb.dk\\\/?page_id=8#breadcrumb\"},\"inLanguage\":\"da-DK\",\"potentialAction\":[{\"@type\":\"ReadAction\",\"target\":[\"https:\\\/\\\/xn--frydkrmassage-7fb.dk\\\/?page_id=8\"]}]},{\"@type\":\"ImageObject\",\"inLanguage\":\"da-DK\",\"@id\":\"https:\\\/\\\/xn--frydkrmassage-7fb.dk\\\/?page_id=8#primaryimage\",\"url\":\"https:\\\/\\\/xn--frydkrmassage-7fb.dk\\\/wp-content\\\/uploads\\\/2026\\\/03\\\/desktop5-768x515-1.jpg\",\"contentUrl\":\"https:\\\/\\\/xn--frydkrmassage-7fb.dk\\\/wp-content\\\/uploads\\\/2026\\\/03\\\/desktop5-768x515-1.jpg\",\"width\":768,\"height\":515,\"caption\":\"SONY DSC\"},{\"@type\":\"BreadcrumbList\",\"@id\":\"https:\\\/\\\/xn--frydkrmassage-7fb.dk\\\/?page_id=8#breadcrumb\",\"itemListElement\":[{\"@type\":\"ListItem\",\"position\":1,\"name\":\"Hjem\",\"item\":\"https:\\\/\\\/xn--frydkrmassage-7fb.dk\\\/\"},{\"@type\":\"ListItem\",\"position\":2,\"name\":\"Priser og Tilskud\"}]},{\"@type\":\"WebSite\",\"@id\":\"https:\\\/\\\/xn--frydkrmassage-7fb.dk\\\/#website\",\"url\":\"https:\\\/\\\/xn--frydkrmassage-7fb.dk\\\/\",\"name\":\"Frydk\u00e6r massage\",\"description\":\"Hos Frydk\u00e6r Massage tilbyder jeg b\u00e5de zoneterapi, akupunktur, hot stone massage og almindelig massage\",\"potentialAction\":[{\"@type\":\"SearchAction\",\"target\":{\"@type\":\"EntryPoint\",\"urlTemplate\":\"https:\\\/\\\/xn--frydkrmassage-7fb.dk\\\/?s={search_term_string}\"},\"query-input\":{\"@type\":\"PropertyValueSpecification\",\"valueRequired\":true,\"valueName\":\"search_term_string\"}}],\"inLanguage\":\"da-DK\"}]}<\/script>\n<!-- \/ Yoast SEO plugin. -->","yoast_head_json":{"title":"Priser og Tilskud - Frydk\u00e6rmassage ved Roswitha B\u00e4hner Andersen","robots":{"index":"index","follow":"follow","max-snippet":"max-snippet:-1","max-image-preview":"max-image-preview:large","max-video-preview":"max-video-preview:-1"},"canonical":"https:\/\/xn--frydkrmassage-7fb.dk\/?page_id=8","og_locale":"da_DK","og_type":"article","og_title":"Priser og Tilskud - Frydk\u00e6rmassage ved Roswitha B\u00e4hner Andersen","og_description":"N\u00e5r du behandles hos Frydk\u00e6r Massage, kan du f\u00e5 tilskud fra sygeforsikringen \u201cdanmark\u201d til zoneterapi. Priser for 3 typer behandlinger Du finder her priserne for de 3 typer behandlinger, jeg tilbyder. Alt afh\u00e6ngig af, om du skal behandles med zoneterapi eller almindelig massage kan prisen variere en smule. For b\u00f8rn er alle behandlinger billigere. L\u00e6geligt &hellip; Continue reading Priser og Tilskud","og_url":"https:\/\/xn--frydkrmassage-7fb.dk\/?page_id=8","og_site_name":"Frydk\u00e6rmassage ved Roswitha B\u00e4hner Andersen","article_modified_time":"2026-03-31T22:33:23+00:00","og_image":[{"width":768,"height":515,"url":"http:\/\/xn--frydkrmassage-7fb.dk\/wp-content\/uploads\/2026\/03\/desktop5-768x515-1.jpg","type":"image\/jpeg"}],"twitter_card":"summary_large_image","twitter_misc":{"Estimeret l\u00e6setid":"2 minutter"},"schema":{"@context":"https:\/\/schema.org","@graph":[{"@type":"WebPage","@id":"https:\/\/xn--frydkrmassage-7fb.dk\/?page_id=8","url":"https:\/\/xn--frydkrmassage-7fb.dk\/?page_id=8","name":"Priser og Tilskud - Frydk\u00e6rmassage ved Roswitha B\u00e4hner Andersen","isPartOf":{"@id":"https:\/\/xn--frydkrmassage-7fb.dk\/#website"},"primaryImageOfPage":{"@id":"https:\/\/xn--frydkrmassage-7fb.dk\/?page_id=8#primaryimage"},"image":{"@id":"https:\/\/xn--frydkrmassage-7fb.dk\/?page_id=8#primaryimage"},"thumbnailUrl":"https:\/\/xn--frydkrmassage-7fb.dk\/wp-content\/uploads\/2026\/03\/desktop5-768x515-1.jpg","datePublished":"2026-03-17T21:56:01+00:00","dateModified":"2026-03-31T22:33:23+00:00","breadcrumb":{"@id":"https:\/\/xn--frydkrmassage-7fb.dk\/?page_id=8#breadcrumb"},"inLanguage":"da-DK","potentialAction":[{"@type":"ReadAction","target":["https:\/\/xn--frydkrmassage-7fb.dk\/?page_id=8"]}]},{"@type":"ImageObject","inLanguage":"da-DK","@id":"https:\/\/xn--frydkrmassage-7fb.dk\/?page_id=8#primaryimage","url":"https:\/\/xn--frydkrmassage-7fb.dk\/wp-content\/uploads\/2026\/03\/desktop5-768x515-1.jpg","contentUrl":"https:\/\/xn--frydkrmassage-7fb.dk\/wp-content\/uploads\/2026\/03\/desktop5-768x515-1.jpg","width":768,"height":515,"caption":"SONY DSC"},{"@type":"BreadcrumbList","@id":"https:\/\/xn--frydkrmassage-7fb.dk\/?page_id=8#breadcrumb","itemListElement":[{"@type":"ListItem","position":1,"name":"Hjem","item":"https:\/\/xn--frydkrmassage-7fb.dk\/"},{"@type":"ListItem","position":2,"name":"Priser og Tilskud"}]},{"@type":"WebSite","@id":"https:\/\/xn--frydkrmassage-7fb.dk\/#website","url":"https:\/\/xn--frydkrmassage-7fb.dk\/","name":"Frydk\u00e6r massage","description":"Hos Frydk\u00e6r Massage tilbyder jeg b\u00e5de zoneterapi, akupunktur, hot stone massage og almindelig massage","potentialAction":[{"@type":"SearchAction","target":{"@type":"EntryPoint","urlTemplate":"https:\/\/xn--frydkrmassage-7fb.dk\/?s={search_term_string}"},"query-input":{"@type":"PropertyValueSpecification","valueRequired":true,"valueName":"search_term_string"}}],"inLanguage":"da-DK"}]}},"_links":{"self":[{"href":"https:\/\/xn--frydkrmassage-7fb.dk\/index.php?rest_route=\/wp\/v2\/pages\/8","targetHints":{"allow":["GET"]}}],"collection":[{"href":"https:\/\/xn--frydkrmassage-7fb.dk\/index.php?rest_route=\/wp\/v2\/pages"}],"about":[{"href":"https:\/\/xn--frydkrmassage-7fb.dk\/index.php?rest_route=\/wp\/v2\/types\/page"}],"author":[{"embeddable":true,"href":"https:\/\/xn--frydkrmassage-7fb.dk\/index.php?rest_route=\/wp\/v2\/users\/1"}],"replies":[{"embeddable":true,"href":"https:\/\/xn--frydkrmassage-7fb.dk\/index.php?rest_route=%2Fwp%2Fv2%2Fcomments&post=8"}],"version-history":[{"count":8,"href":"https:\/\/xn--frydkrmassage-7fb.dk\/index.php?rest_route=\/wp\/v2\/pages\/8\/revisions"}],"predecessor-version":[{"id":74,"href":"https:\/\/xn--frydkrmassage-7fb.dk\/index.php?rest_route=\/wp\/v2\/pages\/8\/revisions\/74"}],"wp:featuredmedia":[{"embeddable":true,"href":"https:\/\/xn--frydkrmassage-7fb.dk\/index.php?rest_route=\/wp\/v2\/media\/57"}],"wp:attachment":[{"href":"https:\/\/xn--frydkrmassage-7fb.dk\/index.php?rest_route=%2Fwp%2Fv2%2Fmedia&parent=8"}],"curies":[{"name":"wp","href":"https:\/\/api.w.org\/{rel}","templated":true}]}}